{"id":4198,"date":"2025-03-03T11:48:46","date_gmt":"2025-03-03T11:48:46","guid":{"rendered":"https:\/\/serwer2121305.home.pl\/fairwind_wpnew\/?page_id=4198"},"modified":"2026-04-09T16:31:49","modified_gmt":"2026-04-09T14:31:49","slug":"formularz-subskrypcji","status":"publish","type":"page","link":"https:\/\/fairwind.com\/pl\/subscription-form\/","title":{"rendered":"Formularz subskrypcji"},"content":{"rendered":"\t\t<div data-elementor-type=\"wp-page\" data-elementor-id=\"4198\" class=\"elementor elementor-4198\" data-elementor-post-type=\"page\">\n\t\t\t\t<div class=\"elementor-element elementor-element-8c16589 e-flex e-con-boxed e-con e-parent\" data-id=\"8c16589\" data-element_type=\"container\" data-e-type=\"container\" data-settings=\"{&quot;background_background&quot;:&quot;classic&quot;,&quot;jet_parallax_layout_list&quot;:[]}\">\n\t\t\t\t\t<div class=\"e-con-inner\">\n\t\t<div class=\"elementor-element elementor-element-1175665 e-con-full e-flex e-con e-child\" data-id=\"1175665\" data-element_type=\"container\" data-e-type=\"container\" data-settings=\"{&quot;jet_parallax_layout_list&quot;:[]}\">\n\t\t\t\t<\/div>\n\t\t\t\t\t<\/div>\n\t\t\t\t<\/div>\n\t\t<div class=\"elementor-element elementor-element-e865c65 e-flex e-con-boxed e-con e-parent\" data-id=\"e865c65\" data-element_type=\"container\" data-e-type=\"container\" data-settings=\"{&quot;jet_parallax_layout_list&quot;:[]}\">\n\t\t\t\t\t<div class=\"e-con-inner\">\n\t\t\t\t<div class=\"elementor-element elementor-element-87c29f2 elementor-button-align-stretch elementor-widget elementor-widget-form\" data-id=\"87c29f2\" data-element_type=\"widget\" data-e-type=\"widget\" data-settings=\"{&quot;step_next_label&quot;:&quot;Next&quot;,&quot;step_previous_label&quot;:&quot;Previous&quot;,&quot;button_width&quot;:&quot;100&quot;,&quot;step_type&quot;:&quot;number_text&quot;,&quot;step_icon_shape&quot;:&quot;circle&quot;}\" data-widget_type=\"form.default\">\n\t\t\t\t<div class=\"elementor-widget-container\">\n\t\t\t\t\t\t\t<form class=\"elementor-form\" method=\"post\" name=\"IR form\" aria-label=\"IR form\">\n\t\t\t<input type=\"hidden\" name=\"post_id\" value=\"4198\"\/>\n\t\t\t<input type=\"hidden\" name=\"form_id\" value=\"87c29f2\"\/>\n\t\t\t<input type=\"hidden\" name=\"referer_title\" value=\"FairWind\" \/>\n\n\t\t\t\n\t\t\t<div class=\"elementor-form-fields-wrapper elementor-labels-above\">\n\t\t\t\t\t\t\t\t<div class=\"elementor-field-type-checkbox elementor-field-group elementor-column elementor-field-group-field_b47d49a elementor-col-50\">\n\t\t\t\t\t<div class=\"elementor-field-subgroup  \"><span class=\"elementor-field-option\"><input type=\"checkbox\" value=\"kmk,rpt,rdv\" id=\"form-field-field_b47d49a-0\" name=\"form_fields[field_b47d49a][]\"> <label for=\"form-field-field_b47d49a-0\">Reports<\/label><\/span><span class=\"elementor-field-option\"><input type=\"checkbox\" value=\"prm,nbr,inb\" id=\"form-field-field_b47d49a-1\" name=\"form_fields[field_b47d49a][]\"> <label for=\"form-field-field_b47d49a-1\">Press releases<\/label><\/span><span class=\"elementor-field-option\"><input type=\"checkbox\" value=\"nbr\" id=\"form-field-field_b47d49a-2\" name=\"form_fields[field_b47d49a][]\"> <label for=\"form-field-field_b47d49a-2\">News letters<\/label><\/span><\/div>\t\t\t\t<\/div>\n\t\t\t\t\t\t\t\t<div class=\"elementor-field-type-radio elementor-field-group elementor-column elementor-field-group-field_b2f9e90 elementor-col-50\">\n\t\t\t\t\t<div class=\"elementor-field-subgroup  \"><span class=\"elementor-field-option\"><input type=\"radio\" value=\"all\" id=\"form-field-field_b2f9e90-0\" name=\"form_fields[field_b2f9e90]\"> <label for=\"form-field-field_b2f9e90-0\">All<\/label><\/span><span class=\"elementor-field-option\"><input type=\"radio\" value=\"regulatory\" id=\"form-field-field_b2f9e90-1\" name=\"form_fields[field_b2f9e90]\"> <label for=\"form-field-field_b2f9e90-1\">Regulatory only<\/label><\/span><span class=\"elementor-field-option\"><input type=\"radio\" value=\"nonRegulatory\" id=\"form-field-field_b2f9e90-2\" name=\"form_fields[field_b2f9e90]\"> <label for=\"form-field-field_b2f9e90-2\">Non regulatory only<\/label><\/span><\/div>\t\t\t\t<\/div>\n\t\t\t\t\t\t\t\t<div class=\"elementor-field-type-text elementor-field-group elementor-column elementor-field-group-name elementor-col-100\">\n\t\t\t\t\t\t\t\t\t\t\t\t<label for=\"form-field-name\" class=\"elementor-field-label\">\n\t\t\t\t\t\t\t\tName\t\t\t\t\t\t\t<\/label>\n\t\t\t\t\t\t\t\t\t\t\t\t\t\t<input size=\"1\" type=\"text\" name=\"form_fields[name]\" id=\"form-field-name\" class=\"elementor-field elementor-size-sm  elementor-field-textual\" placeholder=\"Your name\">\n\t\t\t\t\t\t\t\t\t\t\t<\/div>\n\t\t\t\t\t\t\t\t<div class=\"elementor-field-type-email elementor-field-group elementor-column elementor-field-group-email elementor-col-100 elementor-field-required\">\n\t\t\t\t\t\t\t\t\t\t\t\t<label for=\"form-field-email\" class=\"elementor-field-label\">\n\t\t\t\t\t\t\t\tEmail\t\t\t\t\t\t\t<\/label>\n\t\t\t\t\t\t\t\t\t\t\t\t\t\t<input size=\"1\" type=\"email\" name=\"form_fields[email]\" id=\"form-field-email\" class=\"elementor-field elementor-size-sm  elementor-field-textual\" placeholder=\"Your e-mail\" required=\"required\">\n\t\t\t\t\t\t\t\t\t\t\t<\/div>\n\t\t\t\t\t\t\t\t<div class=\"elementor-field-type-text elementor-field-group elementor-column elementor-field-group-companyname elementor-col-100\">\n\t\t\t\t\t\t\t\t\t\t\t\t<label for=\"form-field-companyname\" class=\"elementor-field-label\">\n\t\t\t\t\t\t\t\tCompany\t\t\t\t\t\t\t<\/label>\n\t\t\t\t\t\t\t\t\t\t\t\t\t\t<input size=\"1\" type=\"text\" name=\"form_fields[companyname]\" id=\"form-field-companyname\" class=\"elementor-field elementor-size-sm  elementor-field-textual\" placeholder=\"Company name\">\n\t\t\t\t\t\t\t\t\t\t\t<\/div>\n\t\t\t\t\t\t\t\t<div class=\"elementor-field-type-text elementor-field-group elementor-column elementor-field-group-Cellphone elementor-col-100\">\n\t\t\t\t\t\t\t\t\t\t\t\t<label for=\"form-field-Cellphone\" class=\"elementor-field-label\">\n\t\t\t\t\t\t\t\tPhone\t\t\t\t\t\t\t<\/label>\n\t\t\t\t\t\t\t\t\t\t\t\t\t\t<input size=\"1\" type=\"text\" name=\"form_fields[Cellphone]\" id=\"form-field-Cellphone\" class=\"elementor-field elementor-size-sm  elementor-field-textual\" placeholder=\"Phone number (with country code)\">\n\t\t\t\t\t\t\t\t\t\t\t<\/div>\n\t\t\t\t\t\t\t\t<div class=\"elementor-field-group elementor-column elementor-field-type-submit elementor-col-100 e-form__buttons\">\n\t\t\t\t\t<button class=\"elementor-button elementor-size-sm\" type=\"submit\">\n\t\t\t\t\t\t<span class=\"elementor-button-content-wrapper\">\n\t\t\t\t\t\t\t\t\t\t\t\t\t\t\t\t\t\t\t\t\t\t<span class=\"elementor-button-text\">Subscribe<\/span>\n\t\t\t\t\t\t\t\t\t\t\t\t\t<\/span>\n\t\t\t\t\t<\/button>\n\t\t\t\t<\/div>\n\t\t\t<\/div>\n\t\t<\/form>\n\t\t\t\t\t\t<\/div>\n\t\t\t\t<\/div>\n\t\t\t\t<div class=\"elementor-element elementor-element-9ff1774 elementor-widget elementor-widget-html\" data-id=\"9ff1774\" data-element_type=\"widget\" data-e-type=\"widget\" data-widget_type=\"html.default\">\n\t\t\t\t<div class=\"elementor-widget-container\">\n\t\t\t\t\t<!--<div class=\"subscription-form-wrapper\">\n    <form method=\"post\" name=\"PageForm\" action=\"https:\/\/publish.ne.cision.com\/Subscription\/SubscribeWithCaptcha\" class=\"subscription-form\">\n        <input type=\"hidden\" name=\"subscriptionUniqueIdentifier\" value=\"a693a61d93\" \/> -->\n        <!--<input type=\"hidden\" name=\"redirectUrlSubscriptionSuccess\" value=\"https:\/\/ INSERT URL \" \/>-->\n        <!--<input type=\"hidden\" name=\"redirectUrlSubscriptionFailed\" value=\"https:\/\/ INSERT URL \" \/>-->\n        <!-- Use with own html pages urls or create own action on answers for success or failed -->\n<!--        <input type=\"hidden\" name=\"Replylanguage\" value=\"en\" \/> -->\n        <!-- Language for welcome and opt-in email, only one language can be posted-->\n <!--       <div class=\"form-row\">\n            <div class=\"form-group form-group-left\">\n                <div class=\"form-check\">\n                    <input type=\"checkbox\" name=\"informationtype\" value=\"kmk,rpt,rdv\" id=\"info-reports\" \/> \n                    <label class=\"form-check-label\" for=\"info-reports\">Reports<\/label>\n                <\/div>\n                <div class=\"form-check\">\n                    <input type=\"checkbox\" name=\"informationtype\" value=\"prm,nbr,inb\" checked=\"checked\" id=\"info-press\" \/> \n                    <label class=\"form-check-label\" for=\"info-press\">Press releases<\/label>\n                <\/div>\n                <div class=\"form-check\">\n                    <input type=\"checkbox\" name=\"informationtype\" value=\"nbr\" id=\"info-newsletters\" \/> \n                    <label class=\"form-check-label\" for=\"info-newsletters\">News letters<\/label>\n                <\/div>\n            <\/div>\n            <div class=\"form-group form-group-right\">\n                <div class=\"form-check\">\n                    <input type=\"radio\" name=\"regulatoryOption\" value=\"all\" class=\"form-check-input\" checked=\"checked\" id=\"all\" \/>\n                    <label class=\"form-check-label\" for=\"all\">All<\/label>\n                <\/div>\n                <div class=\"form-check\">\n                    <input type=\"radio\" name=\"regulatoryOption\" value=\"regulatory\" class=\"form-check-input\" id=\"regulatory\" \/>\n                    <label class=\"form-check-label\" for=\"regulatory\">Regulatory only<\/label>\n                <\/div>\n                <div class=\"form-check\">\n                    <input type=\"radio\" name=\"regulatoryOption\" value=\"nonRegulatory\" class=\"form-check-input\" id=\"nonReg\" \/>\n                    <label class=\"form-check-label\" for=\"nonReg\">Non regulatory only<\/label>\n                <\/div>\n            <\/div>\n        <\/div>\n        <div class=\"form-group\">\n            <input type=\"text\" name=\"name\" id=\"name\" placeholder=\"Your name\">\n        <\/div>\n        <div class=\"form-group\">\n            <input type=\"text\" name=\"email\" id=\"email\" placeholder=\"Your e-mail\">\n        <\/div>\n        <div class=\"form-group\">\n            <input type=\"text\" name=\"company\" id=\"company\" placeholder=\"Company\">\n        <\/div>\n        <div class=\"form-group\">\n            <input type=\"text\" name=\"phone\" id=\"phone\" placeholder=\"Phone number (with country code)\">\n        <\/div>\n        <div class=\"form-group\">\n            <div class=\"g-recaptcha\" data-sitekey=\"6Ld_XIUgAAAAADAFVxshiCTMBkYRjG1Qd30XAHp4\" data-size=\"normal\" data-theme=\"light\"><\/div>\n        <\/div>\n\n        <div class=\"form-group\">\n            <input type=\"submit\" value=\"SUBSCRIBE\" \/>\n        <\/div>\n    <\/form>\n<\/div> -->\n\n<!--<script src=\"https:\/\/www.google.com\/recaptcha\/api.js\" async defer><\/script>\n\n<style>\n.subscription-form-wrapper {\n    max-width: 500px;\n    margin: 0 auto;\n    padding: 20px;\n}\n\n.subscription-form {\n    background: #fff;\n    padding: 20px;\n    border-radius: 8px;\n    border: 1px solid #e0e0e0;\n}\n\n.form-row {\n    display: flex;\n    justify-content: space-between;\n    margin-bottom: 15px;\n}\n\n.form-group {\n    margin-bottom: 15px;\n}\n\n.form-group-left,\n.form-group-right {\n    width: 48%;\n}\n\n.form-check {\n    display: flex;\n    align-items: center;\n    margin-bottom: 10px;\n}\n\n.form-check input[type=\"checkbox\"],\n.form-check input[type=\"radio\"] {\n    margin-right: 10px;\n    width: 16px;\n    height: 16px;\n}\n\n.form-check-label {\n    font-size: 14px;\n    color: #333;\n    line-height: 1.5;\n}\n\n.subscription-form input[type=\"text\"],\n.subscription-form select {\n    width: 100%;\n    padding: 10px;\n    border: 1px solid #ccc;\n    border-radius: 4px;\n    font-size: 14px;\n    box-sizing: border-box;\n    color: #333;\n    background: #fff;\n}\n\n.subscription-form input[type=\"text\"]::placeholder {\n    color: #999;\n}\n\n.g-recaptcha {\n    margin-bottom: 15px;\n}\n\n.subscription-form input[type=\"submit\"] {\n    background-color: #003087;\n    color: white;\n    padding: 12px 20px;\n    border: none;\n    border-radius: 4px;\n    cursor: pointer;\n    font-size: 14px;\n    font-weight: bold;\n    text-transform: uppercase;\n    transition: background-color 0.3s;\n    width: 100%;\n}\n\n.subscription-form input[type=\"submit\"]:hover {\n    background-color: #00205b;\n}\n\n\/* Responsive adjustments *\/\n@media (max-width: 600px) {\n    .subscription-form-wrapper {\n        padding: 10px;\n    }\n\n    .subscription-form {\n        padding: 15px;\n    }\n\n    .form-row {\n        flex-direction: column;\n    }\n\n    .form-group-left,\n    .form-group-right {\n        width: 100%;\n    }\n}\n<\/style>-->\t\t\t\t<\/div>\n\t\t\t\t<\/div>\n\t\t\t\t\t<\/div>\n\t\t\t\t<\/div>\n\t\t\t\t<\/div>\n\t\t","protected":false},"excerpt":{"rendered":"","protected":false},"author":5,"featured_media":0,"parent":0,"menu_order":0,"comment_status":"closed","ping_status":"closed","template":"","meta":{"_acf_changed":false,"inline_featured_image":false,"footnotes":""},"class_list":["post-4198","page","type-page","status-publish","hentry"],"acf":[],"yoast_head":"<!-- This site is optimized with the Yoast SEO Premium plugin v27.2 (Yoast SEO v27.2) - https:\/\/yoast.com\/product\/yoast-seo-premium-wordpress\/ -->\n<title>Subscription Form - FairWind<\/title>\n<meta name=\"robots\" content=\"index, follow, max-snippet:-1, max-image-preview:large, max-video-preview:-1\" \/>\n<link rel=\"canonical\" href=\"https:\/\/fairwind.com\/pl\/formularz-subskrypcji\/\" \/>\n<meta property=\"og:locale\" content=\"pl_PL\" \/>\n<meta property=\"og:type\" content=\"article\" \/>\n<meta property=\"og:title\" content=\"Subscription Form\" \/>\n<meta property=\"og:url\" content=\"https:\/\/fairwind.com\/pl\/formularz-subskrypcji\/\" \/>\n<meta property=\"og:site_name\" content=\"FairWind\" \/>\n<meta property=\"article:publisher\" content=\"https:\/\/www.facebook.com\/FairWindCompany\" \/>\n<meta property=\"article:modified_time\" content=\"2026-04-09T14:31:49+00:00\" \/>\n<meta property=\"og:image\" content=\"https:\/\/fairwind.com\/wp-content\/uploads\/2024\/02\/Favicon.png\" \/>\n\t<meta property=\"og:image:width\" content=\"1157\" \/>\n\t<meta property=\"og:image:height\" content=\"1157\" \/>\n\t<meta property=\"og:image:type\" content=\"image\/png\" \/>\n<meta name=\"twitter:card\" content=\"summary_large_image\" \/>\n<meta name=\"twitter:label1\" content=\"Szacowany czas czytania\" \/>\n\t<meta name=\"twitter:data1\" content=\"1 minuta\" \/>\n<script type=\"application\/ld+json\" class=\"yoast-schema-graph\">{\"@context\":\"https:\/\/schema.org\",\"@graph\":[{\"@type\":\"WebPage\",\"@id\":\"https:\/\/fairwind.com\/subscription-form\/\",\"url\":\"https:\/\/fairwind.com\/subscription-form\/\",\"name\":\"Subscription Form - FairWind\",\"isPartOf\":{\"@id\":\"http:\/\/fairwind.com\/en\/#website\"},\"datePublished\":\"2025-03-03T11:48:46+00:00\",\"dateModified\":\"2026-04-09T14:31:49+00:00\",\"breadcrumb\":{\"@id\":\"https:\/\/fairwind.com\/subscription-form\/#breadcrumb\"},\"inLanguage\":\"pl-PL\",\"potentialAction\":[{\"@type\":\"ReadAction\",\"target\":[\"https:\/\/fairwind.com\/subscription-form\/\"]}]},{\"@type\":\"BreadcrumbList\",\"@id\":\"https:\/\/fairwind.com\/subscription-form\/#breadcrumb\",\"itemListElement\":[{\"@type\":\"ListItem\",\"position\":1,\"name\":\"Home\",\"item\":\"https:\/\/fairwind.com\/\"},{\"@type\":\"ListItem\",\"position\":2,\"name\":\"Subscription Form\"}]},{\"@type\":\"WebSite\",\"@id\":\"http:\/\/fairwind.com\/en\/#website\",\"url\":\"http:\/\/fairwind.com\/en\/\",\"name\":\"FairWind\",\"description\":\"Complete solutions for the installation and service of onshore and offshore wind turbines to the global renewables market.\",\"publisher\":{\"@id\":\"http:\/\/fairwind.com\/en\/#organization\"},\"potentialAction\":[{\"@type\":\"SearchAction\",\"target\":{\"@type\":\"EntryPoint\",\"urlTemplate\":\"http:\/\/fairwind.com\/en\/?s={search_term_string}\"},\"query-input\":{\"@type\":\"PropertyValueSpecification\",\"valueRequired\":true,\"valueName\":\"search_term_string\"}}],\"inLanguage\":\"pl-PL\"},{\"@type\":\"Organization\",\"@id\":\"http:\/\/fairwind.com\/en\/#organization\",\"name\":\"FairWind\",\"url\":\"http:\/\/fairwind.com\/en\/\",\"logo\":{\"@type\":\"ImageObject\",\"inLanguage\":\"pl-PL\",\"@id\":\"http:\/\/fairwind.com\/en\/#\/schema\/logo\/image\/\",\"url\":\"https:\/\/fairwind.com\/wp-content\/uploads\/2024\/03\/logo.svg\",\"contentUrl\":\"https:\/\/fairwind.com\/wp-content\/uploads\/2024\/03\/logo.svg\",\"width\":595.28,\"height\":113.39,\"caption\":\"FairWind\"},\"image\":{\"@id\":\"http:\/\/fairwind.com\/en\/#\/schema\/logo\/image\/\"},\"sameAs\":[\"https:\/\/www.facebook.com\/FairWindCompany\",\"https:\/\/www.linkedin.com\/company\/fairwind\/\",\"https:\/\/www.linkedin.com\/showcase\/fairwind-recruitment\/\"],\"description\":\"FairWind delivers complete installation, preassembly and service solutions for onshore and offshore wind turbines. With operations in 40+ countries, a team of 2,000+ professionals, and a robust global supply chain, we support renewable energy projects worldwide. Since 2008, we've grown organically and through acquisitions, advancing the energy transition and helping build a sustainable future for generations to come.\",\"email\":\"mail@fairwind.com\",\"legalName\":\"FairWind A\/S\",\"numberOfEmployees\":{\"@type\":\"QuantitativeValue\",\"minValue\":\"1001\",\"maxValue\":\"5000\"}}]}<\/script>\n<!-- \/ Yoast SEO Premium plugin. -->","yoast_head_json":{"title":"Subscription Form - FairWind","robots":{"index":"index","follow":"follow","max-snippet":"max-snippet:-1","max-image-preview":"max-image-preview:large","max-video-preview":"max-video-preview:-1"},"canonical":"https:\/\/fairwind.com\/pl\/formularz-subskrypcji\/","og_locale":"pl_PL","og_type":"article","og_title":"Subscription Form","og_url":"https:\/\/fairwind.com\/pl\/formularz-subskrypcji\/","og_site_name":"FairWind","article_publisher":"https:\/\/www.facebook.com\/FairWindCompany","article_modified_time":"2026-04-09T14:31:49+00:00","og_image":[{"width":1157,"height":1157,"url":"https:\/\/fairwind.com\/wp-content\/uploads\/2024\/02\/Favicon.png","type":"image\/png"}],"twitter_card":"summary_large_image","twitter_misc":{"Szacowany czas czytania":"1 minuta"},"schema":{"@context":"https:\/\/schema.org","@graph":[{"@type":"WebPage","@id":"https:\/\/fairwind.com\/subscription-form\/","url":"https:\/\/fairwind.com\/subscription-form\/","name":"Subscription Form - FairWind","isPartOf":{"@id":"http:\/\/fairwind.com\/en\/#website"},"datePublished":"2025-03-03T11:48:46+00:00","dateModified":"2026-04-09T14:31:49+00:00","breadcrumb":{"@id":"https:\/\/fairwind.com\/subscription-form\/#breadcrumb"},"inLanguage":"pl-PL","potentialAction":[{"@type":"ReadAction","target":["https:\/\/fairwind.com\/subscription-form\/"]}]},{"@type":"BreadcrumbList","@id":"https:\/\/fairwind.com\/subscription-form\/#breadcrumb","itemListElement":[{"@type":"ListItem","position":1,"name":"Home","item":"https:\/\/fairwind.com\/"},{"@type":"ListItem","position":2,"name":"Subscription Form"}]},{"@type":"WebSite","@id":"http:\/\/fairwind.com\/en\/#website","url":"http:\/\/fairwind.com\/en\/","name":"FairWind","description":"Kompleksowe rozwi\u0105zania w zakresie instalacji i serwisu l\u0105dowych i morskich turbin wiatrowych dla globalnego rynku odnawialnych \u017ar\u00f3de\u0142 energii.","publisher":{"@id":"http:\/\/fairwind.com\/en\/#organization"},"potentialAction":[{"@type":"SearchAction","target":{"@type":"EntryPoint","urlTemplate":"http:\/\/fairwind.com\/en\/?s={search_term_string}"},"query-input":{"@type":"PropertyValueSpecification","valueRequired":true,"valueName":"search_term_string"}}],"inLanguage":"pl-PL"},{"@type":"Organization","@id":"http:\/\/fairwind.com\/en\/#organization","name":"FairWind","url":"http:\/\/fairwind.com\/en\/","logo":{"@type":"ImageObject","inLanguage":"pl-PL","@id":"http:\/\/fairwind.com\/en\/#\/schema\/logo\/image\/","url":"https:\/\/fairwind.com\/wp-content\/uploads\/2024\/03\/logo.svg","contentUrl":"https:\/\/fairwind.com\/wp-content\/uploads\/2024\/03\/logo.svg","width":595.28,"height":113.39,"caption":"FairWind"},"image":{"@id":"http:\/\/fairwind.com\/en\/#\/schema\/logo\/image\/"},"sameAs":["https:\/\/www.facebook.com\/FairWindCompany","https:\/\/www.linkedin.com\/company\/fairwind\/","https:\/\/www.linkedin.com\/showcase\/fairwind-recruitment\/"],"description":"FairWind dostarcza kompletne rozwi\u0105zania instalacyjne, wst\u0119pnego monta\u017cu i serwisowe dla l\u0105dowych i morskich turbin wiatrowych. Dzi\u0119ki dzia\u0142alno\u015bci w ponad 40 krajach, zespo\u0142owi ponad 2000 specjalist\u00f3w i solidnemu globalnemu \u0142a\u0144cuchowi dostaw, wspieramy projekty zwi\u0105zane z energi\u0105 odnawialn\u0105 na ca\u0142ym \u015bwiecie. Od 2008 roku rozwijamy si\u0119 organicznie i poprzez przej\u0119cia, przyspieszaj\u0105c transformacj\u0119 energetyczn\u0105 i pomagaj\u0105c budowa\u0107 zr\u00f3wnowa\u017con\u0105 przysz\u0142o\u015b\u0107 dla przysz\u0142ych pokole\u0144.","email":"mail@fairwind.com","legalName":"FairWind A\/S","numberOfEmployees":{"@type":"QuantitativeValue","minValue":"1001","maxValue":"5000"}}]}},"_links":{"self":[{"href":"https:\/\/fairwind.com\/pl\/wp-json\/wp\/v2\/pages\/4198","targetHints":{"allow":["GET"]}}],"collection":[{"href":"https:\/\/fairwind.com\/pl\/wp-json\/wp\/v2\/pages"}],"about":[{"href":"https:\/\/fairwind.com\/pl\/wp-json\/wp\/v2\/types\/page"}],"author":[{"embeddable":true,"href":"https:\/\/fairwind.com\/pl\/wp-json\/wp\/v2\/users\/5"}],"replies":[{"embeddable":true,"href":"https:\/\/fairwind.com\/pl\/wp-json\/wp\/v2\/comments?post=4198"}],"version-history":[{"count":0,"href":"https:\/\/fairwind.com\/pl\/wp-json\/wp\/v2\/pages\/4198\/revisions"}],"wp:attachment":[{"href":"https:\/\/fairwind.com\/pl\/wp-json\/wp\/v2\/media?parent=4198"}],"curies":[{"name":"wp","href":"https:\/\/api.w.org\/{rel}","templated":true}]}}