{"id":150,"date":"2024-02-22T14:20:32","date_gmt":"2024-02-22T14:20:32","guid":{"rendered":"https:\/\/serwer2121305.home.pl\/fairwind_wpnew\/?page_id=150"},"modified":"2024-02-22T14:22:16","modified_gmt":"2024-02-22T14:22:16","slug":"mapa-del-sitio","status":"publish","type":"page","link":"https:\/\/fairwind.com\/es\/sitemap\/","title":{"rendered":"Mapa del sitio"},"content":{"rendered":"<div data-elementor-type=\"wp-page\" data-elementor-id=\"150\" class=\"elementor elementor-150\" data-elementor-post-type=\"page\">\n\t\t\t\t<div class=\"elementor-element elementor-element-aaae95d e-flex e-con-boxed e-con e-parent\" data-id=\"aaae95d\" data-element_type=\"container\" data-e-type=\"container\" data-settings=\"{&quot;jet_parallax_layout_list&quot;:[]}\">\n\t\t\t\t\t<div class=\"e-con-inner\">\n\t\t\t\t<div class=\"elementor-element elementor-element-30b9a85 elementor-widget elementor-widget-heading\" data-id=\"30b9a85\" data-element_type=\"widget\" data-e-type=\"widget\" data-widget_type=\"heading.default\">\n\t\t\t\t<div class=\"elementor-widget-container\">\n\t\t\t\t\t<h2 class=\"elementor-heading-title elementor-size-default\">Mapa del sitio<\/h2>\t\t\t\t<\/div>\n\t\t\t\t<\/div>\n\t\t\t\t<div class=\"elementor-element elementor-element-e8284c2 elementor-widget elementor-widget-sitemap\" data-id=\"e8284c2\" data-element_type=\"widget\" data-e-type=\"widget\" data-widget_type=\"sitemap.default\">\n\t\t\t\t<div class=\"elementor-widget-container\">\n\t\t\t\t\t<div class=\"elementor-sitemap-wrap\"><div class=\"elementor-sitemap-section\"><h2 class=\"elementor-sitemap-title elementor-sitemap-page-title\">Sider<\/h2><ul class=\"elementor-sitemap-list elementor-sitemap-page-list\"><li class=\"elementor-sitemap-item elementor-sitemap-item-page page_item page-item-5621\"><a href=\"https:\/\/fairwind.com\/es\/wind-industry-training\/\">Wind industry training<\/a><\/li><li class=\"elementor-sitemap-item elementor-sitemap-item-page page_item page-item-5512\"><a href=\"https:\/\/fairwind.com\/es\/turbine-project-services\/\">Turbine project services<\/a><\/li><li class=\"elementor-sitemap-item elementor-sitemap-item-page page_item page-item-5563\"><a href=\"https:\/\/fairwind.com\/es\/work-for-fairwind\/\">Recruitment<\/a><\/li><li class=\"elementor-sitemap-item elementor-sitemap-item-page page_item page-item-5509\"><a href=\"https:\/\/fairwind.com\/es\/our-offerings\/onshore-and-offshore-installation\/\">Instalaci\u00f3n en tierra y mar<\/a><\/li><li class=\"elementor-sitemap-item elementor-sitemap-item-page page_item page-item-5494\"><a href=\"https:\/\/fairwind.com\/es\/our-offerings\/\">Nuestra oferta<\/a><\/li><li class=\"elementor-sitemap-item elementor-sitemap-item-page page_item page-item-5489\"><a href=\"https:\/\/fairwind.com\/es\/\">Inicio<\/a><\/li><li class=\"elementor-sitemap-item elementor-sitemap-item-page page_item page-item-5319\"><a href=\"https:\/\/fairwind.com\/es\/news-insights\/\">News &amp; Insights<\/a><\/li><li class=\"elementor-sitemap-item elementor-sitemap-item-page page_item page-item-4198\"><a href=\"https:\/\/fairwind.com\/es\/subscription-form\/\">Formulario de suscripci\u00f3n<\/a><\/li><li class=\"elementor-sitemap-item elementor-sitemap-item-page page_item page-item-3329\"><a href=\"https:\/\/fairwind.com\/es\/leadership\/\">Liderazgo<\/a><\/li><li class=\"elementor-sitemap-item elementor-sitemap-item-page page_item page-item-3103\"><a href=\"https:\/\/fairwind.com\/es\/mission-vision-and-values\/\">Nuestra misi\u00f3n, visi\u00f3n y valores<\/a><\/li><li class=\"elementor-sitemap-item elementor-sitemap-item-page page_item page-item-2133\"><a href=\"https:\/\/fairwind.com\/es\/cookie-policy\/\">Pol\u00edtica de cookies<\/a><\/li><li class=\"elementor-sitemap-item elementor-sitemap-item-page page_item page-item-2128\"><a href=\"https:\/\/fairwind.com\/es\/privacy-policy\/\">Pol\u00edtica de privacidad<\/a><\/li><li class=\"elementor-sitemap-item elementor-sitemap-item-page page_item page-item-731\"><a href=\"https:\/\/fairwind.com\/es\/contact\/\">P\u00f3ngase en contacto con<\/a><\/li><li class=\"elementor-sitemap-item elementor-sitemap-item-page page_item page-item-1081\"><a href=\"https:\/\/fairwind.com\/es\/service-and-maintenance\/\">Servicio y mantenimiento<\/a><\/li><li class=\"elementor-sitemap-item elementor-sitemap-item-page page_item page-item-950\"><a href=\"https:\/\/fairwind.com\/es\/esg\/\">ESG<\/a><\/li><li class=\"elementor-sitemap-item elementor-sitemap-item-page page_item page-item-869\"><a href=\"https:\/\/fairwind.com\/es\/job-openings\/\">Ofertas de empleo<\/a><\/li><li class=\"elementor-sitemap-item elementor-sitemap-item-page page_item page-item-833\"><a href=\"https:\/\/fairwind.com\/es\/careers\/\">Trabajar en FairWind<\/a><\/li><li class=\"elementor-sitemap-item elementor-sitemap-item-page page_item page-item-538\"><a href=\"https:\/\/fairwind.com\/es\/bond-information\/\">Informaci\u00f3n sobre bonos<\/a><\/li><li class=\"elementor-sitemap-item elementor-sitemap-item-page page_item page-item-536\"><a href=\"https:\/\/fairwind.com\/es\/investor\/\">Relaciones con los inversores<\/a><\/li><li class=\"elementor-sitemap-item elementor-sitemap-item-page page_item page-item-534\"><a href=\"https:\/\/fairwind.com\/es\/about-us\/\">Qui\u00e9nes somos<\/a><\/li><li class=\"elementor-sitemap-item elementor-sitemap-item-page page_item page-item-532\"><a href=\"https:\/\/fairwind.com\/es\/open-positions\/\">Puestos vacantes<\/a><\/li><li class=\"elementor-sitemap-item elementor-sitemap-item-page page_item page-item-530\"><a href=\"https:\/\/fairwind.com\/es\/hseq\/\">HSEQ<\/a><\/li><li class=\"elementor-sitemap-item elementor-sitemap-item-page page_item page-item-528\"><a href=\"https:\/\/fairwind.com\/es\/case-studies\/\">Casos pr\u00e1cticos<\/a><\/li><li class=\"elementor-sitemap-item elementor-sitemap-item-page page_item page-item-526\"><a href=\"https:\/\/fairwind.com\/es\/training\/\">Formaci\u00f3n<\/a><\/li><li class=\"elementor-sitemap-item elementor-sitemap-item-page page_item page-item-150\"><a href=\"https:\/\/fairwind.com\/es\/sitemap\/\">Mapa del sitio<\/a><\/li><\/ul><\/div><\/div>\t\t\t\t<\/div>\n\t\t\t\t<\/div>\n\t\t\t\t\t<\/div>\n\t\t\t\t<\/div>\n\t\t\t\t<\/div>","protected":false},"excerpt":{"rendered":"<p>Mapa del sitio<\/p>","protected":false},"author":8,"featured_media":0,"parent":0,"menu_order":0,"comment_status":"closed","ping_status":"closed","template":"","meta":{"_acf_changed":false,"inline_featured_image":false,"footnotes":""},"class_list":["post-150","page","type-page","status-publish","hentry"],"acf":[],"yoast_head":"<!-- This site is optimized with the Yoast SEO Premium plugin v27.2 (Yoast SEO v27.2) - https:\/\/yoast.com\/product\/yoast-seo-premium-wordpress\/ -->\n<title>Sitemap - FairWind<\/title>\n<meta name=\"robots\" content=\"index, follow, max-snippet:-1, max-image-preview:large, max-video-preview:-1\" \/>\n<link rel=\"canonical\" href=\"https:\/\/fairwind.com\/es\/mapa-del-sitio\/\" \/>\n<meta property=\"og:locale\" content=\"es_ES\" \/>\n<meta property=\"og:type\" content=\"article\" \/>\n<meta property=\"og:title\" content=\"Sitemap\" \/>\n<meta property=\"og:description\" content=\"Sitemap\" \/>\n<meta property=\"og:url\" content=\"https:\/\/fairwind.com\/es\/mapa-del-sitio\/\" \/>\n<meta property=\"og:site_name\" content=\"FairWind\" \/>\n<meta property=\"article:publisher\" content=\"https:\/\/www.facebook.com\/FairWindCompany\" \/>\n<meta property=\"article:modified_time\" content=\"2024-02-22T14:22:16+00:00\" \/>\n<meta property=\"og:image\" content=\"https:\/\/fairwind.com\/wp-content\/uploads\/2024\/02\/Favicon.png\" \/>\n\t<meta property=\"og:image:width\" content=\"1157\" \/>\n\t<meta property=\"og:image:height\" content=\"1157\" \/>\n\t<meta property=\"og:image:type\" content=\"image\/png\" \/>\n<meta name=\"twitter:card\" content=\"summary_large_image\" \/>\n<meta name=\"twitter:label1\" content=\"Tiempo de lectura\" \/>\n\t<meta name=\"twitter:data1\" content=\"1 minuto\" \/>\n<script type=\"application\/ld+json\" class=\"yoast-schema-graph\">{\"@context\":\"https:\/\/schema.org\",\"@graph\":[{\"@type\":\"WebPage\",\"@id\":\"https:\/\/fairwind.com\/es\/mapa-del-sitio\/\",\"url\":\"https:\/\/fairwind.com\/es\/mapa-del-sitio\/\",\"name\":\"Sitemap - FairWind\",\"isPartOf\":{\"@id\":\"http:\/\/fairwind.com\/en\/#website\"},\"datePublished\":\"2024-02-22T14:20:32+00:00\",\"dateModified\":\"2024-02-22T14:22:16+00:00\",\"breadcrumb\":{\"@id\":\"https:\/\/fairwind.com\/es\/mapa-del-sitio\/#breadcrumb\"},\"inLanguage\":\"es\",\"potentialAction\":[{\"@type\":\"ReadAction\",\"target\":[\"https:\/\/fairwind.com\/es\/mapa-del-sitio\/\"]}]},{\"@type\":\"BreadcrumbList\",\"@id\":\"https:\/\/fairwind.com\/es\/mapa-del-sitio\/#breadcrumb\",\"itemListElement\":[{\"@type\":\"ListItem\",\"position\":1,\"name\":\"Home\",\"item\":\"https:\/\/fairwind.com\/pl\/\"},{\"@type\":\"ListItem\",\"position\":2,\"name\":\"Sitemap\"}]},{\"@type\":\"WebSite\",\"@id\":\"http:\/\/fairwind.com\/en\/#website\",\"url\":\"http:\/\/fairwind.com\/en\/\",\"name\":\"FairWind\",\"description\":\"Complete solutions for the installation and service of onshore and offshore wind turbines to the global renewables market.\",\"publisher\":{\"@id\":\"http:\/\/fairwind.com\/en\/#organization\"},\"potentialAction\":[{\"@type\":\"SearchAction\",\"target\":{\"@type\":\"EntryPoint\",\"urlTemplate\":\"http:\/\/fairwind.com\/en\/?s={search_term_string}\"},\"query-input\":{\"@type\":\"PropertyValueSpecification\",\"valueRequired\":true,\"valueName\":\"search_term_string\"}}],\"inLanguage\":\"es\"},{\"@type\":\"Organization\",\"@id\":\"http:\/\/fairwind.com\/en\/#organization\",\"name\":\"FairWind\",\"url\":\"http:\/\/fairwind.com\/en\/\",\"logo\":{\"@type\":\"ImageObject\",\"inLanguage\":\"es\",\"@id\":\"http:\/\/fairwind.com\/en\/#\/schema\/logo\/image\/\",\"url\":\"https:\/\/fairwind.com\/wp-content\/uploads\/2024\/03\/logo.svg\",\"contentUrl\":\"https:\/\/fairwind.com\/wp-content\/uploads\/2024\/03\/logo.svg\",\"width\":595.28,\"height\":113.39,\"caption\":\"FairWind\"},\"image\":{\"@id\":\"http:\/\/fairwind.com\/en\/#\/schema\/logo\/image\/\"},\"sameAs\":[\"https:\/\/www.facebook.com\/FairWindCompany\",\"https:\/\/www.linkedin.com\/company\/fairwind\/\",\"https:\/\/www.linkedin.com\/showcase\/fairwind-recruitment\/\"],\"description\":\"FairWind delivers complete installation, preassembly and service solutions for onshore and offshore wind turbines. With operations in 40+ countries, a team of 2,000+ professionals, and a robust global supply chain, we support renewable energy projects worldwide. Since 2008, we've grown organically and through acquisitions, advancing the energy transition and helping build a sustainable future for generations to come.\",\"email\":\"mail@fairwind.com\",\"legalName\":\"FairWind A\/S\",\"numberOfEmployees\":{\"@type\":\"QuantitativeValue\",\"minValue\":\"1001\",\"maxValue\":\"5000\"}}]}<\/script>\n<!-- \/ Yoast SEO Premium plugin. -->","yoast_head_json":{"title":"Sitemap - FairWind","robots":{"index":"index","follow":"follow","max-snippet":"max-snippet:-1","max-image-preview":"max-image-preview:large","max-video-preview":"max-video-preview:-1"},"canonical":"https:\/\/fairwind.com\/es\/mapa-del-sitio\/","og_locale":"es_ES","og_type":"article","og_title":"Sitemap","og_description":"Sitemap","og_url":"https:\/\/fairwind.com\/es\/mapa-del-sitio\/","og_site_name":"FairWind","article_publisher":"https:\/\/www.facebook.com\/FairWindCompany","article_modified_time":"2024-02-22T14:22:16+00:00","og_image":[{"width":1157,"height":1157,"url":"https:\/\/fairwind.com\/wp-content\/uploads\/2024\/02\/Favicon.png","type":"image\/png"}],"twitter_card":"summary_large_image","twitter_misc":{"Tiempo de lectura":"1 minuto"},"schema":{"@context":"https:\/\/schema.org","@graph":[{"@type":"WebPage","@id":"https:\/\/fairwind.com\/es\/mapa-del-sitio\/","url":"https:\/\/fairwind.com\/es\/mapa-del-sitio\/","name":"Sitemap - FairWind","isPartOf":{"@id":"http:\/\/fairwind.com\/en\/#website"},"datePublished":"2024-02-22T14:20:32+00:00","dateModified":"2024-02-22T14:22:16+00:00","breadcrumb":{"@id":"https:\/\/fairwind.com\/es\/mapa-del-sitio\/#breadcrumb"},"inLanguage":"es","potentialAction":[{"@type":"ReadAction","target":["https:\/\/fairwind.com\/es\/mapa-del-sitio\/"]}]},{"@type":"BreadcrumbList","@id":"https:\/\/fairwind.com\/es\/mapa-del-sitio\/#breadcrumb","itemListElement":[{"@type":"ListItem","position":1,"name":"Home","item":"https:\/\/fairwind.com\/pl\/"},{"@type":"ListItem","position":2,"name":"Sitemap"}]},{"@type":"WebSite","@id":"http:\/\/fairwind.com\/en\/#website","url":"http:\/\/fairwind.com\/en\/","name":"FairWind","description":"Soluciones completas de instalaci\u00f3n y mantenimiento de turbinas e\u00f3licas terrestres y marinas para el mercado mundial de las energ\u00edas renovables.","publisher":{"@id":"http:\/\/fairwind.com\/en\/#organization"},"potentialAction":[{"@type":"SearchAction","target":{"@type":"EntryPoint","urlTemplate":"http:\/\/fairwind.com\/en\/?s={search_term_string}"},"query-input":{"@type":"PropertyValueSpecification","valueRequired":true,"valueName":"search_term_string"}}],"inLanguage":"es"},{"@type":"Organization","@id":"http:\/\/fairwind.com\/en\/#organization","name":"FairWind","url":"http:\/\/fairwind.com\/en\/","logo":{"@type":"ImageObject","inLanguage":"es","@id":"http:\/\/fairwind.com\/en\/#\/schema\/logo\/image\/","url":"https:\/\/fairwind.com\/wp-content\/uploads\/2024\/03\/logo.svg","contentUrl":"https:\/\/fairwind.com\/wp-content\/uploads\/2024\/03\/logo.svg","width":595.28,"height":113.39,"caption":"FairWind"},"image":{"@id":"http:\/\/fairwind.com\/en\/#\/schema\/logo\/image\/"},"sameAs":["https:\/\/www.facebook.com\/FairWindCompany","https:\/\/www.linkedin.com\/company\/fairwind\/","https:\/\/www.linkedin.com\/showcase\/fairwind-recruitment\/"],"description":"FairWind ofrece soluciones completas de instalaci\u00f3n, premontaje y servicio para aerogeneradores terrestres y marinos. Con operaciones en m\u00e1s de 40 pa\u00edses, un equipo de m\u00e1s de 2.000 profesionales y una s\u00f3lida cadena de suministro global, apoyamos proyectos de energ\u00edas renovables en todo el mundo. Desde 2008, hemos crecido org\u00e1nicamente y mediante adquisiciones, impulsando la transici\u00f3n energ\u00e9tica y ayudando a construir un futuro sostenible para las generaciones venideras.","email":"mail@fairwind.com","legalName":"FairWind A\/S","numberOfEmployees":{"@type":"QuantitativeValue","minValue":"1001","maxValue":"5000"}}]}},"_links":{"self":[{"href":"https:\/\/fairwind.com\/es\/wp-json\/wp\/v2\/pages\/150","targetHints":{"allow":["GET"]}}],"collection":[{"href":"https:\/\/fairwind.com\/es\/wp-json\/wp\/v2\/pages"}],"about":[{"href":"https:\/\/fairwind.com\/es\/wp-json\/wp\/v2\/types\/page"}],"author":[{"embeddable":true,"href":"https:\/\/fairwind.com\/es\/wp-json\/wp\/v2\/users\/8"}],"replies":[{"embeddable":true,"href":"https:\/\/fairwind.com\/es\/wp-json\/wp\/v2\/comments?post=150"}],"version-history":[{"count":0,"href":"https:\/\/fairwind.com\/es\/wp-json\/wp\/v2\/pages\/150\/revisions"}],"wp:attachment":[{"href":"https:\/\/fairwind.com\/es\/wp-json\/wp\/v2\/media?parent=150"}],"curies":[{"name":"wp","href":"https:\/\/api.w.org\/{rel}","templated":true}]}}