{"id":950,"date":"2024-06-12T10:28:30","date_gmt":"2024-06-12T10:28:30","guid":{"rendered":"https:\/\/serwer2121305.home.pl\/fairwind_wpnew\/?page_id=950"},"modified":"2025-09-08T14:41:12","modified_gmt":"2025-09-08T12:41:12","slug":"esg","status":"publish","type":"page","link":"https:\/\/fairwind.com\/de\/esg\/","title":{"rendered":"ESG"},"content":{"rendered":"<div data-elementor-type=\"wp-page\" data-elementor-id=\"950\" class=\"elementor elementor-950\" data-elementor-post-type=\"page\">\n\t\t\t\t<div class=\"elementor-element elementor-element-e2a3d50 e-flex e-con-boxed e-con e-parent\" data-id=\"e2a3d50\" data-element_type=\"container\" data-e-type=\"container\" data-settings=\"{&quot;background_background&quot;:&quot;classic&quot;,&quot;jet_parallax_layout_list&quot;:[]}\">\n\t\t\t\t\t<div class=\"e-con-inner\">\n\t\t<div class=\"elementor-element elementor-element-cf91bd1 e-con-full e-flex e-con e-child\" data-id=\"cf91bd1\" data-element_type=\"container\" data-e-type=\"container\" data-settings=\"{&quot;jet_parallax_layout_list&quot;:[]}\">\n\t\t<div class=\"elementor-element elementor-element-ad48ed0 e-flex e-con-boxed e-con e-child\" data-id=\"ad48ed0\" data-element_type=\"container\" data-e-type=\"container\" data-settings=\"{&quot;jet_parallax_layout_list&quot;:[]}\">\n\t\t\t\t\t<div class=\"e-con-inner\">\n\t\t\t\t<div class=\"elementor-element elementor-element-bb3f89b elementor-invisible elementor-widget elementor-widget-heading\" data-id=\"bb3f89b\" data-element_type=\"widget\" data-e-type=\"widget\" data-settings=\"{&quot;_animation&quot;:&quot;fadeInUp&quot;,&quot;_animation_delay&quot;:100}\" data-widget_type=\"heading.default\">\n\t\t\t\t<div class=\"elementor-widget-container\">\n\t\t\t\t\t<h1 class=\"elementor-heading-title elementor-size-default\"><b>ESG in FairWind<\/b><\/h1>\t\t\t\t<\/div>\n\t\t\t\t<\/div>\n\t\t\t\t<div class=\"elementor-element elementor-element-3be84c5 elementor-invisible elementor-widget elementor-widget-text-editor\" data-id=\"3be84c5\" data-element_type=\"widget\" data-e-type=\"widget\" data-settings=\"{&quot;_animation&quot;:&quot;fadeInUp&quot;,&quot;_animation_delay&quot;:100}\" data-widget_type=\"text-editor.default\">\n\t\t\t\t<div class=\"elementor-widget-container\">\n\t\t\t\t\t\t\t\t\t<p>FairWind ist sich der Verantwortung bewusst, die wir als globales Unternehmen f\u00fcr den Schutz unseres Planeten und die Bew\u00e4ltigung des Klimawandels haben. Wir verpflichten uns, die globale Energiewende zu unterst\u00fctzen, nachhaltig zu wirtschaften und diesen Weg mit Transparenz zu gehen.<\/p>\t\t\t\t\t\t\t\t<\/div>\n\t\t\t\t<\/div>\n\t\t\t\t\t<\/div>\n\t\t\t\t<\/div>\n\t\t<div class=\"elementor-element elementor-element-b445246 e-flex e-con-boxed elementor-invisible e-con e-child\" data-id=\"b445246\" data-element_type=\"container\" data-e-type=\"container\" data-settings=\"{&quot;animation&quot;:&quot;fadeInUp&quot;,&quot;animation_delay&quot;:200,&quot;jet_parallax_layout_list&quot;:[]}\">\n\t\t\t\t\t<div class=\"e-con-inner\">\n\t\t\t\t<div class=\"elementor-element elementor-element-128cfb3 elementor-invisible elementor-widget elementor-widget-button\" data-id=\"128cfb3\" data-element_type=\"widget\" data-e-type=\"widget\" data-settings=\"{&quot;_animation&quot;:&quot;fadeInUp&quot;}\" data-widget_type=\"button.default\">\n\t\t\t\t<div class=\"elementor-widget-container\">\n\t\t\t\t\t\t\t\t\t<div class=\"elementor-button-wrapper\">\n\t\t\t\t\t<a class=\"elementor-button elementor-button-link elementor-size-sm\" href=\"#more\">\n\t\t\t\t\t\t<span class=\"elementor-button-content-wrapper\">\n\t\t\t\t\t\t\t\t\t<span class=\"elementor-button-text\">Mehr lesen<\/span>\n\t\t\t\t\t<\/span>\n\t\t\t\t\t<\/a>\n\t\t\t\t<\/div>\n\t\t\t\t\t\t\t\t<\/div>\n\t\t\t\t<\/div>\n\t\t\t\t\t<\/div>\n\t\t\t\t<\/div>\n\t\t\t\t<\/div>\n\t\t\t\t\t<\/div>\n\t\t\t\t<\/div>\n\t\t<div class=\"elementor-element elementor-element-cf92dbf e-flex e-con-boxed e-con e-parent\" data-id=\"cf92dbf\" data-element_type=\"container\" data-e-type=\"container\" id=\"more\" data-settings=\"{&quot;jet_parallax_layout_list&quot;:[]}\">\n\t\t\t\t\t<div class=\"e-con-inner\">\n\t\t<div class=\"elementor-element elementor-element-5149b14 e-con-full e-flex e-con e-child\" data-id=\"5149b14\" data-element_type=\"container\" data-e-type=\"container\" data-settings=\"{&quot;jet_parallax_layout_list&quot;:[]}\">\n\t\t<div class=\"elementor-element elementor-element-df6867a e-con-full e-flex e-con e-child\" data-id=\"df6867a\" data-element_type=\"container\" data-e-type=\"container\" data-settings=\"{&quot;background_background&quot;:&quot;classic&quot;,&quot;jet_parallax_layout_list&quot;:[]}\">\n\t\t\t\t<div class=\"elementor-element elementor-element-803e8a1 elementor-widget elementor-widget-spacer\" data-id=\"803e8a1\" data-element_type=\"widget\" data-e-type=\"widget\" data-widget_type=\"spacer.default\">\n\t\t\t\t<div class=\"elementor-widget-container\">\n\t\t\t\t\t\t\t<div class=\"elementor-spacer\">\n\t\t\t<div class=\"elementor-spacer-inner\"><\/div>\n\t\t<\/div>\n\t\t\t\t\t\t<\/div>\n\t\t\t\t<\/div>\n\t\t\t\t<\/div>\n\t\t\t\t<\/div>\n\t\t<div class=\"elementor-element elementor-element-493f4f0 e-con-full e-flex e-con e-child\" data-id=\"493f4f0\" data-element_type=\"container\" data-e-type=\"container\" data-settings=\"{&quot;jet_parallax_layout_list&quot;:[]}\">\n\t\t<div class=\"elementor-element elementor-element-83511b4 e-flex e-con-boxed elementor-invisible e-con e-child\" data-id=\"83511b4\" data-element_type=\"container\" data-e-type=\"container\" data-settings=\"{&quot;animation&quot;:&quot;fadeInUp&quot;,&quot;jet_parallax_layout_list&quot;:[]}\">\n\t\t\t\t\t<div class=\"e-con-inner\">\n\t\t\t\t<div class=\"elementor-element elementor-element-352a49f elementor-widget elementor-widget-heading\" data-id=\"352a49f\" data-element_type=\"widget\" data-e-type=\"widget\" data-widget_type=\"heading.default\">\n\t\t\t\t<div class=\"elementor-widget-container\">\n\t\t\t\t\t<h2 class=\"elementor-heading-title elementor-size-default\">Richtlinie zur Nachhaltigkeitsberichterstattung von Unternehmen<\/h2>\t\t\t\t<\/div>\n\t\t\t\t<\/div>\n\t\t\t\t\t<\/div>\n\t\t\t\t<\/div>\n\t\t\t\t<div class=\"elementor-element elementor-element-abf067a elementor-invisible elementor-widget elementor-widget-text-editor\" data-id=\"abf067a\" data-element_type=\"widget\" data-e-type=\"widget\" data-settings=\"{&quot;_animation&quot;:&quot;fadeInUp&quot;,&quot;_animation_delay&quot;:100}\" data-widget_type=\"text-editor.default\">\n\t\t\t\t<div class=\"elementor-widget-container\">\n\t\t\t\t\t\t\t\t\t<p>Wir arbeiten aktiv an der Umsetzung der Richtlinie \u00fcber die Nachhaltigkeitsberichterstattung von Unternehmen (Corporate Sustainability Reporting Directive - CSRD) und an der vollst\u00e4ndigen Erf\u00fcllung der Anforderungen auf unserem Weg zu Netto-Null-Emissionen. Dies zeigt unser Engagement f\u00fcr Transparenz bei allen unseren T\u00e4tigkeiten und Aktivit\u00e4ten. Unsere ESG-Bem\u00fchungen sind ein kontinuierlicher Prozess, der sowohl durch unsere ehrgeizigen internen Ziele als auch durch die sich entwickelnden regulatorischen Anforderungen angetrieben wird.<\/p>\t\t\t\t\t\t\t\t<\/div>\n\t\t\t\t<\/div>\n\t\t\t\t<\/div>\n\t\t\t\t\t<\/div>\n\t\t\t\t<\/div>\n\t\t<div class=\"elementor-element elementor-element-d014ccb e-flex e-con-boxed e-con e-parent\" data-id=\"d014ccb\" data-element_type=\"container\" data-e-type=\"container\" data-settings=\"{&quot;jet_parallax_layout_list&quot;:[]}\">\n\t\t\t\t\t<div class=\"e-con-inner\">\n\t\t<div class=\"elementor-element elementor-element-31e87f0 e-con-full elementor-hidden-desktop elementor-hidden-tablet e-flex e-con e-child\" data-id=\"31e87f0\" data-element_type=\"container\" data-e-type=\"container\" data-settings=\"{&quot;jet_parallax_layout_list&quot;:[]}\">\n\t\t<div class=\"elementor-element elementor-element-a7e5248 e-con-full e-flex e-con e-child\" data-id=\"a7e5248\" data-element_type=\"container\" data-e-type=\"container\" data-settings=\"{&quot;background_background&quot;:&quot;classic&quot;,&quot;jet_parallax_layout_list&quot;:[]}\">\n\t\t\t\t<div class=\"elementor-element elementor-element-79aa235 elementor-widget elementor-widget-spacer\" data-id=\"79aa235\" data-element_type=\"widget\" data-e-type=\"widget\" data-widget_type=\"spacer.default\">\n\t\t\t\t<div class=\"elementor-widget-container\">\n\t\t\t\t\t\t\t<div class=\"elementor-spacer\">\n\t\t\t<div class=\"elementor-spacer-inner\"><\/div>\n\t\t<\/div>\n\t\t\t\t\t\t<\/div>\n\t\t\t\t<\/div>\n\t\t\t\t<\/div>\n\t\t\t\t<\/div>\n\t\t<div class=\"elementor-element elementor-element-0e0b453 e-con-full e-flex e-con e-child\" data-id=\"0e0b453\" data-element_type=\"container\" data-e-type=\"container\" data-settings=\"{&quot;jet_parallax_layout_list&quot;:[]}\">\n\t\t<div class=\"elementor-element elementor-element-65bf3d9 e-flex e-con-boxed elementor-invisible e-con e-child\" data-id=\"65bf3d9\" data-element_type=\"container\" data-e-type=\"container\" data-settings=\"{&quot;animation&quot;:&quot;fadeInUp&quot;,&quot;jet_parallax_layout_list&quot;:[]}\">\n\t\t\t\t\t<div class=\"e-con-inner\">\n\t\t\t\t<div class=\"elementor-element elementor-element-e1a0eab elementor-widget elementor-widget-heading\" data-id=\"e1a0eab\" data-element_type=\"widget\" data-e-type=\"widget\" data-widget_type=\"heading.default\">\n\t\t\t\t<div class=\"elementor-widget-container\">\n\t\t\t\t\t<h2 class=\"elementor-heading-title elementor-size-default\">Eine positive Auswirkung<\/h2>\t\t\t\t<\/div>\n\t\t\t\t<\/div>\n\t\t\t\t\t<\/div>\n\t\t\t\t<\/div>\n\t\t\t\t<div class=\"elementor-element elementor-element-8ebcbb6 elementor-invisible elementor-widget elementor-widget-text-editor\" data-id=\"8ebcbb6\" data-element_type=\"widget\" data-e-type=\"widget\" data-settings=\"{&quot;_animation&quot;:&quot;fadeInUp&quot;,&quot;_animation_delay&quot;:100}\" data-widget_type=\"text-editor.default\">\n\t\t\t\t<div class=\"elementor-widget-container\">\n\t\t\t\t\t\t\t\t\t<p>Unser Ziel ist es, nachhaltige Praktiken in jeden Aspekt unseres Gesch\u00e4fts zu integrieren. Unser Ansatz umfasst die Bewertung unserer Umweltauswirkungen, die Verbesserung unserer Initiativen zur sozialen Verantwortung und die Gew\u00e4hrleistung einer soliden Unternehmensf\u00fchrung. Auf diese Weise wollen wir eine positive Wirkung erzielen und gleichzeitig langfristiges Wachstum und Widerstandsf\u00e4higkeit f\u00f6rdern.<\/p><p>Wir verpflichten uns, unsere Stakeholder \u00fcber unsere Fortschritte im Bereich ESG auf dem Laufenden zu halten. Gemeinsam k\u00f6nnen wir einen Beitrag zu einer nachhaltigeren Zukunft leisten.<\/p>\t\t\t\t\t\t\t\t<\/div>\n\t\t\t\t<\/div>\n\t\t\t\t<div class=\"elementor-element elementor-element-ef7eab0 elementor-invisible elementor-widget elementor-widget-button\" data-id=\"ef7eab0\" data-element_type=\"widget\" data-e-type=\"widget\" data-settings=\"{&quot;_animation&quot;:&quot;fadeIn&quot;,&quot;_animation_delay&quot;:300}\" data-widget_type=\"button.default\">\n\t\t\t\t<div class=\"elementor-widget-container\">\n\t\t\t\t\t\t\t\t\t<div class=\"elementor-button-wrapper\">\n\t\t\t\t\t<a class=\"elementor-button elementor-button-link elementor-size-sm\" href=\"https:\/\/fairwind.com\/de\/about-us\/\">\n\t\t\t\t\t\t<span class=\"elementor-button-content-wrapper\">\n\t\t\t\t\t\t\t\t\t<span class=\"elementor-button-text\">\u00dcber FairWind<\/span>\n\t\t\t\t\t<\/span>\n\t\t\t\t\t<\/a>\n\t\t\t\t<\/div>\n\t\t\t\t\t\t\t\t<\/div>\n\t\t\t\t<\/div>\n\t\t\t\t<\/div>\n\t\t<div class=\"elementor-element elementor-element-34c4dcc e-con-full elementor-hidden-mobile e-flex e-con e-child\" data-id=\"34c4dcc\" data-element_type=\"container\" data-e-type=\"container\" data-settings=\"{&quot;jet_parallax_layout_list&quot;:[]}\">\n\t\t<div class=\"elementor-element elementor-element-860b71f e-con-full e-flex e-con e-child\" data-id=\"860b71f\" data-element_type=\"container\" data-e-type=\"container\" data-settings=\"{&quot;background_background&quot;:&quot;classic&quot;,&quot;jet_parallax_layout_list&quot;:[]}\">\n\t\t\t\t<div class=\"elementor-element elementor-element-993b245 elementor-widget elementor-widget-spacer\" data-id=\"993b245\" data-element_type=\"widget\" data-e-type=\"widget\" data-widget_type=\"spacer.default\">\n\t\t\t\t<div class=\"elementor-widget-container\">\n\t\t\t\t\t\t\t<div class=\"elementor-spacer\">\n\t\t\t<div class=\"elementor-spacer-inner\"><\/div>\n\t\t<\/div>\n\t\t\t\t\t\t<\/div>\n\t\t\t\t<\/div>\n\t\t\t\t<\/div>\n\t\t\t\t<\/div>\n\t\t\t\t\t<\/div>\n\t\t\t\t<\/div>\n\t\t\t\t<\/div>","protected":false},"excerpt":{"rendered":"<p>ESG in FairWind At FairWind, we recognise our responsibility as a global company in protecting the planet and responding to climate change. We are committed to supporting the global energy transition, operating sustainably, and embarking on this journey with\u00a0 transparency. Read more Corporate Sustainability Reporting Directive We are actively working towards implementing the Corporate Sustainability [&hellip;]<\/p>\n","protected":false},"author":8,"featured_media":0,"parent":0,"menu_order":0,"comment_status":"closed","ping_status":"closed","template":"","meta":{"_acf_changed":false,"inline_featured_image":false,"footnotes":""},"class_list":["post-950","page","type-page","status-publish","hentry"],"acf":[],"yoast_head":"<!-- This site is optimized with the Yoast SEO Premium plugin v27.2 (Yoast SEO v27.2) - https:\/\/yoast.com\/product\/yoast-seo-premium-wordpress\/ -->\n<title>Wind Turbine Sustainability and Environmental Impact<\/title>\n<meta name=\"description\" content=\"Discover the importance of wind turbine sustainability in the global energy transition and our commitment to transparency in operations.\" \/>\n<meta name=\"robots\" content=\"index, follow, max-snippet:-1, max-image-preview:large, max-video-preview:-1\" \/>\n<link rel=\"canonical\" href=\"https:\/\/fairwind.com\/de\/esg\/\" \/>\n<meta property=\"og:locale\" content=\"de_DE\" \/>\n<meta property=\"og:type\" content=\"article\" \/>\n<meta property=\"og:title\" content=\"Wind Turbine Sustainability and Corporate Responsibility\" \/>\n<meta property=\"og:description\" content=\"Learn about wind turbine sustainability through FairWind&#039;s comprehensive approach to environmental and social responsibility.\" \/>\n<meta property=\"og:url\" content=\"https:\/\/fairwind.com\/de\/esg\/\" \/>\n<meta property=\"og:site_name\" content=\"FairWind\" \/>\n<meta property=\"article:publisher\" content=\"https:\/\/www.facebook.com\/FairWindCompany\" \/>\n<meta property=\"article:modified_time\" content=\"2025-09-08T12:41:12+00:00\" \/>\n<meta property=\"og:image\" content=\"https:\/\/fairwind.com\/wp-content\/uploads\/2024\/02\/Favicon.png\" \/>\n\t<meta property=\"og:image:width\" content=\"1157\" \/>\n\t<meta property=\"og:image:height\" content=\"1157\" \/>\n\t<meta property=\"og:image:type\" content=\"image\/png\" \/>\n<meta name=\"twitter:card\" content=\"summary_large_image\" \/>\n<meta name=\"twitter:title\" content=\"ESG\" \/>\n<meta name=\"twitter:label1\" content=\"Gesch\u00e4tzte Lesezeit\" \/>\n\t<meta name=\"twitter:data1\" content=\"1\u00a0Minute\" \/>\n<script type=\"application\/ld+json\" class=\"yoast-schema-graph\">{\"@context\":\"https:\/\/schema.org\",\"@graph\":[{\"@type\":\"WebPage\",\"@id\":\"https:\/\/fairwind.com\/en\/esg\/\",\"url\":\"https:\/\/fairwind.com\/en\/esg\/\",\"name\":\"Wind Turbine Sustainability and Environmental Impact\",\"isPartOf\":{\"@id\":\"http:\/\/fairwind.com\/en\/#website\"},\"datePublished\":\"2024-06-12T10:28:30+00:00\",\"dateModified\":\"2025-09-08T12:41:12+00:00\",\"description\":\"Discover the importance of wind turbine sustainability in the global energy transition and our commitment to transparency in operations.\",\"breadcrumb\":{\"@id\":\"https:\/\/fairwind.com\/en\/esg\/#breadcrumb\"},\"inLanguage\":\"de\",\"potentialAction\":[{\"@type\":\"ReadAction\",\"target\":[\"https:\/\/fairwind.com\/en\/esg\/\"]}]},{\"@type\":\"BreadcrumbList\",\"@id\":\"https:\/\/fairwind.com\/en\/esg\/#breadcrumb\",\"itemListElement\":[{\"@type\":\"ListItem\",\"position\":1,\"name\":\"Home\",\"item\":\"https:\/\/fairwind.com\/\"},{\"@type\":\"ListItem\",\"position\":2,\"name\":\"ESG\"}]},{\"@type\":\"WebSite\",\"@id\":\"http:\/\/fairwind.com\/en\/#website\",\"url\":\"http:\/\/fairwind.com\/en\/\",\"name\":\"FairWind\",\"description\":\"Complete solutions for the installation and service of onshore and offshore wind turbines to the global renewables market.\",\"publisher\":{\"@id\":\"http:\/\/fairwind.com\/en\/#organization\"},\"potentialAction\":[{\"@type\":\"SearchAction\",\"target\":{\"@type\":\"EntryPoint\",\"urlTemplate\":\"http:\/\/fairwind.com\/en\/?s={search_term_string}\"},\"query-input\":{\"@type\":\"PropertyValueSpecification\",\"valueRequired\":true,\"valueName\":\"search_term_string\"}}],\"inLanguage\":\"de\"},{\"@type\":\"Organization\",\"@id\":\"http:\/\/fairwind.com\/en\/#organization\",\"name\":\"FairWind\",\"url\":\"http:\/\/fairwind.com\/en\/\",\"logo\":{\"@type\":\"ImageObject\",\"inLanguage\":\"de\",\"@id\":\"http:\/\/fairwind.com\/en\/#\/schema\/logo\/image\/\",\"url\":\"https:\/\/fairwind.com\/wp-content\/uploads\/2024\/03\/logo.svg\",\"contentUrl\":\"https:\/\/fairwind.com\/wp-content\/uploads\/2024\/03\/logo.svg\",\"width\":595.28,\"height\":113.39,\"caption\":\"FairWind\"},\"image\":{\"@id\":\"http:\/\/fairwind.com\/en\/#\/schema\/logo\/image\/\"},\"sameAs\":[\"https:\/\/www.facebook.com\/FairWindCompany\",\"https:\/\/www.linkedin.com\/company\/fairwind\/\",\"https:\/\/www.linkedin.com\/showcase\/fairwind-recruitment\/\"],\"description\":\"FairWind delivers complete installation, preassembly and service solutions for onshore and offshore wind turbines. With operations in 40+ countries, a team of 2,000+ professionals, and a robust global supply chain, we support renewable energy projects worldwide. Since 2008, we've grown organically and through acquisitions, advancing the energy transition and helping build a sustainable future for generations to come.\",\"email\":\"mail@fairwind.com\",\"legalName\":\"FairWind A\/S\",\"numberOfEmployees\":{\"@type\":\"QuantitativeValue\",\"minValue\":\"1001\",\"maxValue\":\"5000\"}}]}<\/script>\n<!-- \/ Yoast SEO Premium plugin. -->","yoast_head_json":{"title":"Wind Turbine Sustainability and Environmental Impact","description":"Discover the importance of wind turbine sustainability in the global energy transition and our commitment to transparency in operations.","robots":{"index":"index","follow":"follow","max-snippet":"max-snippet:-1","max-image-preview":"max-image-preview:large","max-video-preview":"max-video-preview:-1"},"canonical":"https:\/\/fairwind.com\/de\/esg\/","og_locale":"de_DE","og_type":"article","og_title":"Wind Turbine Sustainability and Corporate Responsibility","og_description":"Learn about wind turbine sustainability through FairWind's comprehensive approach to environmental and social responsibility.","og_url":"https:\/\/fairwind.com\/de\/esg\/","og_site_name":"FairWind","article_publisher":"https:\/\/www.facebook.com\/FairWindCompany","article_modified_time":"2025-09-08T12:41:12+00:00","og_image":[{"width":1157,"height":1157,"url":"https:\/\/fairwind.com\/wp-content\/uploads\/2024\/02\/Favicon.png","type":"image\/png"}],"twitter_card":"summary_large_image","twitter_title":"ESG","twitter_misc":{"Gesch\u00e4tzte Lesezeit":"1\u00a0Minute"},"schema":{"@context":"https:\/\/schema.org","@graph":[{"@type":"WebPage","@id":"https:\/\/fairwind.com\/en\/esg\/","url":"https:\/\/fairwind.com\/en\/esg\/","name":"Wind Turbine Sustainability and Environmental Impact","isPartOf":{"@id":"http:\/\/fairwind.com\/en\/#website"},"datePublished":"2024-06-12T10:28:30+00:00","dateModified":"2025-09-08T12:41:12+00:00","description":"Discover the importance of wind turbine sustainability in the global energy transition and our commitment to transparency in operations.","breadcrumb":{"@id":"https:\/\/fairwind.com\/en\/esg\/#breadcrumb"},"inLanguage":"de","potentialAction":[{"@type":"ReadAction","target":["https:\/\/fairwind.com\/en\/esg\/"]}]},{"@type":"BreadcrumbList","@id":"https:\/\/fairwind.com\/en\/esg\/#breadcrumb","itemListElement":[{"@type":"ListItem","position":1,"name":"Home","item":"https:\/\/fairwind.com\/"},{"@type":"ListItem","position":2,"name":"ESG"}]},{"@type":"WebSite","@id":"http:\/\/fairwind.com\/en\/#website","url":"http:\/\/fairwind.com\/en\/","name":"FairWind","description":"Komplettl\u00f6sungen f\u00fcr die Installation und den Service von Onshore- und Offshore-Windturbinen f\u00fcr den weltweiten Markt f\u00fcr erneuerbare Energien.","publisher":{"@id":"http:\/\/fairwind.com\/en\/#organization"},"potentialAction":[{"@type":"SearchAction","target":{"@type":"EntryPoint","urlTemplate":"http:\/\/fairwind.com\/en\/?s={search_term_string}"},"query-input":{"@type":"PropertyValueSpecification","valueRequired":true,"valueName":"search_term_string"}}],"inLanguage":"de"},{"@type":"Organization","@id":"http:\/\/fairwind.com\/en\/#organization","name":"FairWind","url":"http:\/\/fairwind.com\/en\/","logo":{"@type":"ImageObject","inLanguage":"de","@id":"http:\/\/fairwind.com\/en\/#\/schema\/logo\/image\/","url":"https:\/\/fairwind.com\/wp-content\/uploads\/2024\/03\/logo.svg","contentUrl":"https:\/\/fairwind.com\/wp-content\/uploads\/2024\/03\/logo.svg","width":595.28,"height":113.39,"caption":"FairWind"},"image":{"@id":"http:\/\/fairwind.com\/en\/#\/schema\/logo\/image\/"},"sameAs":["https:\/\/www.facebook.com\/FairWindCompany","https:\/\/www.linkedin.com\/company\/fairwind\/","https:\/\/www.linkedin.com\/showcase\/fairwind-recruitment\/"],"description":"FairWind liefert komplette Installations-, Vormontage- und Servicel\u00f6sungen f\u00fcr Onshore- und Offshore-Windkraftanlagen. Mit Niederlassungen in mehr als 40 L\u00e4ndern, einem Team von mehr als 2.000 Fachleuten und einer robusten globalen Lieferkette unterst\u00fctzen wir Projekte f\u00fcr erneuerbare Energien weltweit. Seit 2008 sind wir sowohl organisch als auch durch Akquisitionen gewachsen, um die Energiewende voranzutreiben und eine nachhaltige Zukunft f\u00fcr k\u00fcnftige Generationen zu schaffen.","email":"mail@fairwind.com","legalName":"FairWind A\/S","numberOfEmployees":{"@type":"QuantitativeValue","minValue":"1001","maxValue":"5000"}}]}},"_links":{"self":[{"href":"https:\/\/fairwind.com\/de\/wp-json\/wp\/v2\/pages\/950","targetHints":{"allow":["GET"]}}],"collection":[{"href":"https:\/\/fairwind.com\/de\/wp-json\/wp\/v2\/pages"}],"about":[{"href":"https:\/\/fairwind.com\/de\/wp-json\/wp\/v2\/types\/page"}],"author":[{"embeddable":true,"href":"https:\/\/fairwind.com\/de\/wp-json\/wp\/v2\/users\/8"}],"replies":[{"embeddable":true,"href":"https:\/\/fairwind.com\/de\/wp-json\/wp\/v2\/comments?post=950"}],"version-history":[{"count":0,"href":"https:\/\/fairwind.com\/de\/wp-json\/wp\/v2\/pages\/950\/revisions"}],"wp:attachment":[{"href":"https:\/\/fairwind.com\/de\/wp-json\/wp\/v2\/media?parent=950"}],"curies":[{"name":"wp","href":"https:\/\/api.w.org\/{rel}","templated":true}]}}